{"id":29,"date":"2024-01-10T22:59:25","date_gmt":"2024-01-11T01:59:25","guid":{"rendered":"http:\/\/localhost\/bolsasescolasiena\/?page_id=29"},"modified":"2026-01-15T09:15:03","modified_gmt":"2026-01-15T12:15:03","slug":"bolsas-landing","status":"publish","type":"page","link":"https:\/\/bolsasescolasiena.com.br\/","title":{"rendered":"Bolsas-Landing"},"content":{"rendered":"\n<div class=\"wp-block-group alignfull has-background is-vertical is-content-justification-right is-layout-flex wp-container-core-group-is-layout-2e221954 wp-block-group-is-layout-flex\" style=\"background-color:#0f6ab3;min-height:100vh;margin-top:0;margin-bottom:0;padding-top:var(--wp--preset--spacing--50);padding-right:var(--wp--preset--spacing--50);padding-bottom:var(--wp--preset--spacing--50);padding-left:var(--wp--preset--spacing--50)\">\n<div class=\"wp-block-columns alignwide is-layout-flex wp-container-core-columns-is-layout-5218cfa3 wp-block-columns-is-layout-flex\" style=\"border-style:none;border-width:0px;margin-top:0;margin-bottom:0;padding-top:0;padding-right:var(--wp--preset--spacing--60);padding-bottom:0;padding-left:var(--wp--preset--spacing--60)\">\n<div class=\"wp-block-column is-vertically-aligned-center is-layout-flow wp-block-column-is-layout-flow\" style=\"flex-basis:40%\">\n<div class=\"wp-block-group is-layout-flow wp-container-core-group-is-layout-8f7ed23f wp-block-group-is-layout-flow\" style=\"min-height:100%;margin-top:0;margin-bottom:0;padding-right:0;padding-left:0\">\n<div class=\"wp-block-group is-vertical is-layout-flex wp-container-core-group-is-layout-a4f8cc12 wp-block-group-is-layout-flex\" style=\"padding-right:0;padding-left:0\">\n<figure class=\"wp-block-gallery alignleft has-nested-images columns-default is-cropped wp-block-gallery-1 is-layout-flex wp-block-gallery-is-layout-flex\">\n<figure class=\"wp-block-image size-full\"><img loading=\"lazy\" decoding=\"async\" width=\"2560\" height=\"2049\" data-id=\"96\" src=\"http:\/\/bolsasescolasiena.com.br\/wp-content\/uploads\/2025\/09\/logo_2026_bolsas-scaled.png\" alt=\"\" class=\"wp-image-96\" srcset=\"https:\/\/bolsasescolasiena.com.br\/wp-content\/uploads\/2025\/09\/logo_2026_bolsas-scaled.png 2560w, https:\/\/bolsasescolasiena.com.br\/wp-content\/uploads\/2025\/09\/logo_2026_bolsas-300x240.png 300w, https:\/\/bolsasescolasiena.com.br\/wp-content\/uploads\/2025\/09\/logo_2026_bolsas-1024x820.png 1024w, https:\/\/bolsasescolasiena.com.br\/wp-content\/uploads\/2025\/09\/logo_2026_bolsas-768x615.png 768w, https:\/\/bolsasescolasiena.com.br\/wp-content\/uploads\/2025\/09\/logo_2026_bolsas-1536x1229.png 1536w, https:\/\/bolsasescolasiena.com.br\/wp-content\/uploads\/2025\/09\/logo_2026_bolsas-2048x1639.png 2048w\" sizes=\"auto, (max-width: 2560px) 100vw, 2560px\" \/><\/figure>\n<\/figure>\n\n\n<p class=\"fonts-plugin-block \" style=\"color: #eff408\"><strong>** Quantidade de Bolsas limitadas.<\/strong><\/p>\n\n\n<p class=\"has-base-2-color has-text-color has-link-color wp-elements-794413c1ecf99a3dc6767146b2791cfd\">Confira Regulamento na Secretaria da Escola (3064-2717).<br><br>A Escola Siena oferta a Educa\u00e7\u00e3o Infantil    (Grupos 4 e 5), Ensino Fundamental e M\u00e9dio.<\/p>\n\n\n\n<p class=\"has-base-2-color has-text-color has-link-color wp-elements-f91a5060982ff83095ae467374cdbebd\"><br><strong>OFERTAS BAIRRO DE F\u00c1TIMA<\/strong><br><mark style=\"background-color:rgba(0, 0, 0, 0);color:#fd0101\" class=\"has-inline-color\"><strong>Bolsa 22%<\/strong><\/mark> para a Educ. Infantil (Grupos 4 e 5) &#8211; MATUTINO.<br><strong><mark style=\"background-color:rgba(0, 0, 0, 0);color:#fd0101\" class=\"has-inline-color\">Bolsa 15%<\/mark><\/strong> para a Educ. Infantil (Grupos 4 e 5) &#8211; VESPERTINO.<br><strong><mark style=\"background-color:rgba(0, 0, 0, 0);color:#fd0101\" class=\"has-inline-color\">Bolsa 15%<\/mark><\/strong> para Ensino Fundamental Anos Iniciais \u2013 MAT.\/ VESP.<br><strong><mark style=\"background-color:rgba(0, 0, 0, 0);color:#fd0101\" class=\"has-inline-color\">Bolsa 25%<\/mark><\/strong> para Ensino Fundamental Anos Finais \u2013 MATUTINO.<br><strong><mark style=\"background-color:rgba(0, 0, 0, 0);color:#fd0101\" class=\"has-inline-color\">Bolsa 35%<\/mark><\/strong> para Ensino Fundamental Anos Finais \u2013 VESPERTINO.<\/p>\n\n\n\n<p class=\"has-base-2-color has-text-color has-link-color wp-elements-595cceaa244e87f4216089ccefe9eb45\"><br><strong>OFERTAS LARANJEIRAS<\/strong><br><strong><mark style=\"background-color:rgba(0, 0, 0, 0);color:#fd0101\" class=\"has-inline-color\">Bolsa 15%<\/mark><\/strong> para Ensino Fundamental Anos Iniciais.<br><strong><mark style=\"background-color:rgba(0, 0, 0, 0);color:#fd0101\" class=\"has-inline-color\">Bolsa 30%<\/mark><\/strong> para Ensino Fundamental Anos Finais.<br><strong><mark style=\"background-color:rgba(0, 0, 0, 0);color:#fd0101\" class=\"has-inline-color\">Bolsa 65%<\/mark><\/strong> para Ensino M\u00e9dio.<\/p>\n\n\n\n<p class=\"has-text-color\" style=\"color:#fbff02\">* O benef\u00edcio n\u00e3o \u00e9 v\u00e1lido para alunos que  j\u00e1 estejam matriculados e\/ou que j\u00e1 estudam na institui\u00e7\u00e3o.<br>* Confira taxa de ades\u00e3o ao Programa de Bolsas.<br><\/p>\n<\/div>\n<\/div>\n<\/div>\n\n\n\n<div class=\"wp-block-column is-vertically-aligned-top has-large-font-size has-global-padding is-layout-constrained wp-container-core-column-is-layout-da604d14 wp-block-column-is-layout-constrained\" style=\"border-style:none;border-width:0px;padding-top:0;padding-right:0;padding-bottom:0;padding-left:0;flex-basis:60%\"><p class=\"fonts-plugin-block \" style=\"text-align: center;color: #eff408\"><strong>BOLSAS AT\u00c9 35%<br>CADASTRE-SE AGORA!<\/strong><br>GANHE B\u00d4NUS INDICANDO PESSOAS!<\/p>\n\n\n<p class=\"has-text-align-center has-text-color has-link-color has-medium-font-size wp-elements-8ec5d67e79827de16cbd3baa5b29fb56\" style=\"color:#f8d404\"><strong>Regulamento abaixo!<\/strong><\/p>\n\n\n\n<div id=\"mc_embed_shell\">\n      <link href=\"\/\/cdn-images.mailchimp.com\/embedcode\/classic-061523.css\" rel=\"stylesheet\" type=\"text\/css\">\n  <style type=\"text\/css\">\n        #mc_embed_signup{background:#fff; false;clear:left; font:14px Helvetica,Arial,sans-serif; width: 600px;}\n        \/* Add your own Mailchimp form style overrides in your site stylesheet or in this style block.\n           We recommend moving this block and the preceding CSS link to the HEAD of your HTML file. *\/\n<\/style>\n<div id=\"mc_embed_signup\">\n    <form action=\"https:\/\/escolasiena.us21.list-manage.com\/subscribe\/post?u=d848853ceae2b373ee3cba745&amp;id=9339c9ea1c&amp;f_id=000776e1f0\" method=\"post\" id=\"mc-embedded-subscribe-form\" name=\"mc-embedded-subscribe-form\" class=\"validate\" target=\"_blank\">\n        <div id=\"mc_embed_signup_scroll\"><h2>Preencher e Enviar Formul\u00e1rio!<\/h2>\n            <div class=\"indicates-required\"><span class=\"asterisk\">*<\/span> indica obrigat\u00f3rio<\/div>\n            <div class=\"mc-field-group\"><label for=\"mce-PHONE\">Telefone <span class=\"asterisk\">*<\/span><\/label><input type=\"text\" name=\"PHONE\" class=\"REQ_CSS\" id=\"mce-PHONE\" value=\"\"><\/div><div class=\"mc-field-group\"><label for=\"mce-EMAIL\">Endere\u00e7o de e-mail <span class=\"asterisk\">*<\/span><\/label><input type=\"email\" name=\"EMAIL\" class=\"required email\" id=\"mce-EMAIL\" required=\"\" value=\"\"><\/div><div class=\"mc-field-group\"><label for=\"mce-FNAME\">Nome Completo <span class=\"asterisk\">*<\/span><\/label><input type=\"text\" name=\"FNAME\" class=\"required text\" id=\"mce-FNAME\" required=\"\" value=\"\"><\/div><div class=\"mc-field-group\"><label for=\"mce-MMERGE6\">Unidade Escolhida <span class=\"asterisk\">*<\/span><\/label><select name=\"MMERGE6\" class=\"required\" id=\"mce-MMERGE6\"><option value=\"\"><\/option><option value=\"1-Siena Bairro F\u00e1tima\">1-Siena Bairro F\u00e1tima<\/option><option value=\"2-Siena Laranjeiras\">2-Siena Laranjeiras<\/option><\/select><\/div><div class=\"mc-field-group\"><label for=\"mce-MMERGE7\">Segmento de Ensino <span class=\"asterisk\">*<\/span><\/label><select name=\"MMERGE7\" class=\"required\" id=\"mce-MMERGE7\"><option value=\"\"><\/option><option value=\"Grupo-4\">Grupo-4<\/option><option value=\"Grupo-5\">Grupo-5<\/option><option value=\"1\u00ba Ano\">1\u00ba Ano<\/option><option value=\"2\u00ba Ano\">2\u00ba Ano<\/option><option value=\"3\u00ba Ano\">3\u00ba Ano<\/option><option value=\"4\u00ba Ano\">4\u00ba Ano<\/option><option value=\"5\u00ba Ano\">5\u00ba Ano<\/option><option value=\"6\u00ba Ano\">6\u00ba Ano<\/option><option value=\"7\u00ba Ano\">7\u00ba Ano<\/option><option value=\"8\u00ba Ano\">8\u00ba Ano<\/option><option value=\"9\u00ba Ano\">9\u00ba Ano<\/option><option value=\"Ensino M\u00e9dio\">Ensino M\u00e9dio<\/option><\/select><\/div><div class=\"mc-field-group\"><label for=\"mce-MMERGE8\">Turno Escolhido <span class=\"asterisk\">*<\/span><\/label><select name=\"MMERGE8\" class=\"required\" id=\"mce-MMERGE8\"><option value=\"\"><\/option><option value=\"Turno Matutino\">Turno Matutino<\/option><option value=\"Turno Vespertino\">Turno Vespertino<\/option><\/select><\/div><div class=\"mc-field-group\"><label for=\"mce-MMERGE9\">Fui indicado ao B\u00f4nus Amigos Siena por: <\/label><input type=\"text\" name=\"MMERGE9\" class=\" text\" id=\"mce-MMERGE9\" value=\"\"><\/div>\n        <div id=\"mce-responses\" class=\"clear\">\n            <div class=\"response\" id=\"mce-error-response\" style=\"display: none;\"><\/div>\n            <div class=\"response\" id=\"mce-success-response\" style=\"display: none;\"><\/div>\n        <\/div><div aria-hidden=\"true\" style=\"position: absolute; left: -5000px;\"><input type=\"text\" name=\"b_d848853ceae2b373ee3cba745_9339c9ea1c\" tabindex=\"-1\" value=\"\"><\/div><div class=\"clear\"><input type=\"submit\" name=\"subscribe\" id=\"mc-embedded-subscribe\" class=\"button\" value=\"Enviar\"><\/div>\n    <\/div>\n<\/form>\n<\/div>\n<script type=\"text\/javascript\" src=\"\/\/s3.amazonaws.com\/downloads.mailchimp.com\/js\/mc-validate.js\"><\/script><script type=\"text\/javascript\">(function($) {window.fnames = new Array(); window.ftypes = new Array();fnames[4]='PHONE';ftypes[4]='phone';fnames[0]='EMAIL';ftypes[0]='email';fnames[1]='FNAME';ftypes[1]='text';fnames[6]='MMERGE6';ftypes[6]='dropdown';fnames[7]='MMERGE7';ftypes[7]='dropdown';fnames[8]='MMERGE8';ftypes[8]='dropdown';fnames[9]='MMERGE9';ftypes[9]='text';fnames[2]='LNAME';ftypes[2]='text';fnames[3]='ADDRESS';ftypes[3]='address';fnames[5]='BIRTHDAY';ftypes[5]='birthday';\/**\n * Translated default messages for the $ validation plugin.\n * Locale: PT_PT\n *\/\n$.extend($.validator.messages, {\n\trequired: \"Campo de preenchimento obrigat&oacute;rio.\",\n\tremote: \"Por favor, corrija este campo.\",\n\temail: \"Por favor, introduza um endere&ccedil;o eletr&oacute;nico v&aacute;lido.\",\n\turl: \"Por favor, introduza um URL v&aacute;lido.\",\n\tdate: \"Por favor, introduza uma data v&aacute;lida.\",\n\tdateISO: \"Por favor, introduza uma data v&aacute;lida (ISO).\",\n\tnumber: \"Por favor, introduza um n&uacute;mero v&aacute;lido.\",\n\tdigits: \"Por favor, introduza apenas d&iacute;gitos.\",\n\tcreditcard: \"Por favor, introduza um n&uacute;mero de cart&atilde;o de cr&eacute;dito v&aacute;lido.\",\n\tequalTo: \"Por favor, introduza de novo o mesmo valor.\",\n\taccept: \"Por favor, introduza um ficheiro com uma extens&atilde;o v&aacute;lida.\",\n\tmaxlength: $.validator.format(\"Por favor, n&atilde;o introduza mais do que {0} caracteres.\"),\n\tminlength: $.validator.format(\"Por favor, introduza pelo menos {0} caracteres.\"),\n\trangelength: $.validator.format(\"Por favor, introduza entre {0} e {1} caracteres.\"),\n\trange: $.validator.format(\"Por favor, introduza um valor entre {0} e {1}.\"),\n\tmax: $.validator.format(\"Por favor, introduza um valor menor ou igual a {0}.\"),\n\tmin: $.validator.format(\"Por favor, introduza um valor maior ou igual a {0}.\")\n});}(jQuery));var $mcj = jQuery.noConflict(true);<\/script><\/div>\n<\/div>\n<\/div>\n<\/div>\n\n\n\n<p><\/p>\n","protected":false},"excerpt":{"rendered":"<p>Confira Regulamento na Secretaria da Escola (3064-2717). A Escola Siena oferta a Educa\u00e7\u00e3o Infantil (Grupos 4 e 5), Ensino Fundamental e M\u00e9dio. OFERTAS BAIRRO DE F\u00c1TIMABolsa 22% para a Educ. Infantil (Grupos 4 e 5) &#8211; MATUTINO.Bolsa 15% para a Educ. Infantil (Grupos 4 e 5) &#8211; VESPERTINO.Bolsa 15% para Ensino Fundamental Anos Iniciais \u2013 [&hellip;]<\/p>\n","protected":false},"author":1,"featured_media":0,"parent":0,"menu_order":0,"comment_status":"closed","ping_status":"closed","template":"","meta":{"_uag_custom_page_level_css":"","footnotes":""},"class_list":["post-29","page","type-page","status-publish","hentry"],"uagb_featured_image_src":{"full":false,"thumbnail":false,"medium":false,"medium_large":false,"large":false,"1536x1536":false,"2048x2048":false},"uagb_author_info":{"display_name":"bolsasescolasiena","author_link":"https:\/\/bolsasescolasiena.com.br\/?author=1"},"uagb_comment_info":0,"uagb_excerpt":"Confira Regulamento na Secretaria da Escola (3064-2717). A Escola Siena oferta a Educa\u00e7\u00e3o Infantil (Grupos 4 e 5), Ensino Fundamental e M\u00e9dio. OFERTAS BAIRRO DE F\u00c1TIMABolsa 22% para a Educ. Infantil (Grupos 4 e 5) &#8211; MATUTINO.Bolsa 15% para a Educ. Infantil (Grupos 4 e 5) &#8211; VESPERTINO.Bolsa 15% para Ensino Fundamental Anos Iniciais \u2013&hellip;","_links":{"self":[{"href":"https:\/\/bolsasescolasiena.com.br\/index.php?rest_route=\/wp\/v2\/pages\/29","targetHints":{"allow":["GET"]}}],"collection":[{"href":"https:\/\/bolsasescolasiena.com.br\/index.php?rest_route=\/wp\/v2\/pages"}],"about":[{"href":"https:\/\/bolsasescolasiena.com.br\/index.php?rest_route=\/wp\/v2\/types\/page"}],"author":[{"embeddable":true,"href":"https:\/\/bolsasescolasiena.com.br\/index.php?rest_route=\/wp\/v2\/users\/1"}],"replies":[{"embeddable":true,"href":"https:\/\/bolsasescolasiena.com.br\/index.php?rest_route=%2Fwp%2Fv2%2Fcomments&post=29"}],"version-history":[{"count":35,"href":"https:\/\/bolsasescolasiena.com.br\/index.php?rest_route=\/wp\/v2\/pages\/29\/revisions"}],"predecessor-version":[{"id":120,"href":"https:\/\/bolsasescolasiena.com.br\/index.php?rest_route=\/wp\/v2\/pages\/29\/revisions\/120"}],"wp:attachment":[{"href":"https:\/\/bolsasescolasiena.com.br\/index.php?rest_route=%2Fwp%2Fv2%2Fmedia&parent=29"}],"curies":[{"name":"wp","href":"https:\/\/api.w.org\/{rel}","templated":true}]}}